{"id":6392,"date":"2021-11-30T04:17:33","date_gmt":"2021-11-30T04:17:33","guid":{"rendered":"https:\/\/cambriatech.wales\/ein-tim\/"},"modified":"2025-10-21T13:06:22","modified_gmt":"2025-10-21T13:06:22","slug":"ein-tim","status":"publish","type":"page","link":"https:\/\/cambriatech.wales\/cy\/ein-tim\/","title":{"rendered":"Ein T\u00eem"},"content":{"rendered":"\t\t<div data-elementor-type=\"wp-page\" data-elementor-id=\"6392\" class=\"elementor elementor-6392 elementor-2331\">\n\t\t\t\t\t\t<section class=\"elementor-section elementor-top-section elementor-element elementor-element-c84b2be cmt-column-break-ipad-no cmt-col-stretched-none elementor-section-boxed elementor-section-height-default elementor-section-height-default\" data-id=\"c84b2be\" data-element_type=\"section\" data-e-type=\"section\">\n\t\t\t\t\t\t<div class=\"elementor-container elementor-column-gap-default\">\n\t\t\t\t\t<div class=\"elementor-column elementor-col-100 elementor-top-column elementor-element elementor-element-36b792a\" data-id=\"36b792a\" data-element_type=\"column\" data-e-type=\"column\">\n\t\t\t<div class=\"elementor-widget-wrap\">\n\t\t\t\t\t\t\t<\/div>\n\t\t<\/div>\n\t\t\t\t\t<\/div>\n\t\t<\/section>\n\t\t\t\t<section class=\"elementor-section elementor-top-section elementor-element elementor-element-6de0900 elementor-section-stretched cmt-column-break-ipad-yes cmt-col-stretched-none elementor-section-boxed elementor-section-height-default elementor-section-height-default\" data-id=\"6de0900\" data-element_type=\"section\" data-e-type=\"section\" data-settings=\"{&quot;stretch_section&quot;:&quot;section-stretched&quot;}\">\n\t\t\t\t\t\t<div class=\"elementor-container elementor-column-gap-no\">\n\t\t\t\t\t<div class=\"elementor-column elementor-col-100 elementor-top-column elementor-element elementor-element-0c4ef1e\" data-id=\"0c4ef1e\" data-element_type=\"column\" data-e-type=\"column\">\n\t\t\t<div class=\"elementor-widget-wrap elementor-element-populated\">\n\t\t\t\t\t\t<div class=\"elementor-element elementor-element-b5ea59a cmt-align-center elementor-widget elementor-widget-cmt_heading\" data-id=\"b5ea59a\" data-element_type=\"widget\" data-e-type=\"widget\" data-widget_type=\"cmt_heading.default\">\n\t\t\t\t<div class=\"elementor-widget-container\">\n\t\t\t\t\t<div class=\"cmt-element-heading-content-wrapper center-align cmt-reverse-heading-yes cmt-seperator-solid  cmt-heading-style-vertical \"><div class=\"cmt-content-header\"><div class=\"heading-seperator\"><span><\/span><\/div><\/div><\/div>\t\t\t\t<\/div>\n\t\t\t\t<\/div>\n\t\t\t\t<div class=\"elementor-element elementor-element-7150cdd cmt-align-left elementor-widget elementor-widget-cmt_team_element\" data-id=\"7150cdd\" data-element_type=\"widget\" data-e-type=\"widget\" data-widget_type=\"cmt_team_element.default\">\n\t\t\t\t<div class=\"elementor-widget-container\">\n\t\t\t\t\t<div class=\"cymolthemes-boxes cymolthemes-boxes-team cymolthemes-element-teambox-styleone cymolthemes-boxes-view-default cymolthemes-boxes-col-three cymolthemes-boxes-textalign-left cymolthemes-boxes-spacing-30px\" data-cmt-show=\"6\" data-cmt-loop=\"1\" data-cmt-autoplay=\"0\" data-cmt-centermode=\"0\" data-cmt-nav=\"\" data-cmt-dots=\"\" data-cmt-slidestoscroll=\"\" data-cmt-autoplayspeed=\"4500\" data-cmt-margin=\"30px\"><div class=\"cymolthemes-boxes-inner\">\n\t\t\t<div class=\"cymolthemes-box-heading-wrapper \">\n\t\t\t\t<div class=\"cmt-element-heading-content-wrapper left-align cmt-reverse-heading-yes cmt-seperator-solid cmt-content-with-desc cmt-heading-style-horizontal \"><div class=\"cmt-content-header\"><div class=\"cmt-subheading-wrapper\"><h4 class=\"cmt-element-subheading cmt-custom-heading \">\n\t\t\t\tCwrdd \u00e2'n T\u00eem\n\t\t\t<\/h4> <\/div>\n\t\t<h2 class=\"cmt-element-content-heading cmt-custom-heading \">\n\t\t\t\tT\u00eem Bach, Effaith Fawr\n\t\t\t<\/h2>\n\t\t<div class=\"heading-seperator\"><span><\/span><\/div><\/div><div class=\"cmt-element-content-desctxt\">Yn Cambria Tech, mae ein t\u00eem bach yn sicrhau eich bod yn derbyn cefnogaeth uniongyrchol, bersonol bob cam o'r ffordd. Rydym yn dod ag arbenigedd, ymroddiad ac agwedd ymarferol i bob prosiect, gan drin pob cleient fel partner gwerthfawr. Gyda ni, rydych yn elwa o gydweithio gwirioneddol ac ymrwymiad i wneud effaith ystyrlon ar gyfer eich sefydliad.  <\/div><\/div>\t\t\t\t\t\t\t<\/div>\n\n\t\t\t<div class=\"cymolthemes-boxes-row-wrapper row multi-columns-row\">\n\n\t\t\t<div class=\"cmt-sboxbox-col-wrapper   col-lg-4 col-sm-6 col-md-4 col-xs-12\"><article class=\"cymolthemes-box cymolthemes-box-team cymolthemes-teambox-styleone\">\n\t<div class=\"cymolthemes-post-item\">\n\t\t<div class=\"cymolthemes-content-inner\">\n\t\t\t\t<div class=\"cymolthemes-team-image-box\">\n\t\t\t\t\t\n\t\t<span class=\"cymolthemes-item-thumbnail\">\n\t\t\t<span class=\"cymolthemes-item-thumbnail-inner\">\n\t\t\t\t<img fetchpriority=\"high\" decoding=\"async\" width=\"535\" height=\"500\" src=\"https:\/\/cambriatech.wales\/wp-content\/uploads\/2025\/10\/OGP-550-535x500.jpg\" class=\"attachment-cymolthemes-img-team-member size-cymolthemes-img-team-member wp-post-image\" alt=\"Llun o Owain Gwilym Pritchard\" data-id=\"6524\" \/>\n\t\t\t<\/span>\n\t\t<\/span>\t\t\t\t\t\n\t\t\t\t<\/div>\t\t\t\t\t\n\t\t\t<div class=\"cymolthemes-box-content\">\n\t\t\t\t<div class=\"cymolthemes-box-content-inner\">\t\t\t\t\t\n\t\t\t\t\t<div class=\"cymolthemes-team-position\"><\/div>\n\t\t\t\t\t<div class=\"cymolthemes-box-title\"><h4><a href=\"https:\/\/cambriatech.wales\/cy\/team-member\/owain-gwilym-pritchard\/\">Owain Gwilym Pritchard<\/a><\/h4><\/div>\t\t\t\t\t<div class=\"cymolthemes-teambox-readmore\">\n\t\t\t\t\t\t<a href=\"https:\/\/cambriatech.wales\/cy\/team-member\/owain-gwilym-pritchard\/\">More Details<\/a>\t\t\t\t\t<\/div>\n\t\t\t\t<\/div>\n\t\t\t\t<div class=\"cmt-member-social\">\n\t\t\t\t\t<div class=\"cymolthemes-team-icon\">\n\t\t\t\t\t\t<a><i class=\"cmt-devfox-icon-plus\"><\/i><\/a>\t\n\t\t\t\t\t<\/div>\n\t\t\t\t\t<div class=\"cymolthemes-box-social-links\"><\/div>\n\t\t\t\t<\/div>\n\t\t\t<\/div>\n\t\t<\/div>\n\t<\/div>\n<\/article>\n \n \n <\/div><div class=\"cmt-sboxbox-col-wrapper   col-lg-4 col-sm-6 col-md-4 col-xs-12\"><article class=\"cymolthemes-box cymolthemes-box-team cymolthemes-teambox-styleone\">\n\t<div class=\"cymolthemes-post-item\">\n\t\t<div class=\"cymolthemes-content-inner\">\n\t\t\t\t<div class=\"cymolthemes-team-image-box\">\n\t\t\t\t\t\t\t\t\t\t\n\t\t\t\t<\/div>\t\t\t\t\t\n\t\t\t<div class=\"cymolthemes-box-content\">\n\t\t\t\t<div class=\"cymolthemes-box-content-inner\">\t\t\t\t\t\n\t\t\t\t\t<div class=\"cymolthemes-team-position\"><\/div>\n\t\t\t\t\t<div class=\"cymolthemes-box-title\"><h4><a href=\"https:\/\/cambriatech.wales\/cy\/team-member\/sian-louise-pritchard\/\">Sian Louise Pritchard<\/a><\/h4><\/div>\t\t\t\t\t<div class=\"cymolthemes-teambox-readmore\">\n\t\t\t\t\t\t<a href=\"https:\/\/cambriatech.wales\/cy\/team-member\/sian-louise-pritchard\/\">More Details<\/a>\t\t\t\t\t<\/div>\n\t\t\t\t<\/div>\n\t\t\t\t<div class=\"cmt-member-social\">\n\t\t\t\t\t<div class=\"cymolthemes-team-icon\">\n\t\t\t\t\t\t<a><i class=\"cmt-devfox-icon-plus\"><\/i><\/a>\t\n\t\t\t\t\t<\/div>\n\t\t\t\t\t<div class=\"cymolthemes-box-social-links\"><\/div>\n\t\t\t\t<\/div>\n\t\t\t<\/div>\n\t\t<\/div>\n\t<\/div>\n<\/article>\n \n \n <\/div>\n\t\t\t<\/div>\n\n\t\t\t<\/div><\/div>\t\t\t\t<\/div>\n\t\t\t\t<\/div>\n\t\t\t\t\t<\/div>\n\t\t<\/div>\n\t\t\t\t\t<\/div>\n\t\t<\/section>\n\t\t\t\t<\/div>\n\t\t","protected":false},"excerpt":{"rendered":"<p>Cwrdd \u00e2&#8217;n T\u00eem T\u00eem Bach, Effaith Fawr Yn Cambria Tech, mae ein t\u00eem bach yn sicrhau eich bod yn derbyn cefnogaeth uniongyrchol, bersonol bob cam o&#8217;r ffordd. Rydym yn dod ag arbenigedd, ymroddiad ac agwedd ymarferol i bob prosiect, gan drin pob cleient fel partner gwerthfawr. Gyda ni, rydych yn elwa o gydweithio gwirioneddol ac &hellip; <a href=\"https:\/\/cambriatech.wales\/cy\/team-member\/sian-louise-pritchard\/\" class=\"more-link\">Continue reading <span class=\"screen-reader-text\">Sian Louise Pritchard<\/span><\/a><\/p>\n","protected":false},"author":1,"featured_media":0,"parent":0,"menu_order":0,"comment_status":"closed","ping_status":"closed","template":"","meta":{"_monsterinsights_skip_tracking":false,"_monsterinsights_sitenote_active":false,"_monsterinsights_sitenote_note":"","_monsterinsights_sitenote_category":0,"footnotes":""},"class_list":["post-6392","page","type-page","status-publish","hentry"],"aioseo_notices":[],"_links":{"self":[{"href":"https:\/\/cambriatech.wales\/cy\/wp-json\/wp\/v2\/pages\/6392","targetHints":{"allow":["GET"]}}],"collection":[{"href":"https:\/\/cambriatech.wales\/cy\/wp-json\/wp\/v2\/pages"}],"about":[{"href":"https:\/\/cambriatech.wales\/cy\/wp-json\/wp\/v2\/types\/page"}],"author":[{"embeddable":true,"href":"https:\/\/cambriatech.wales\/cy\/wp-json\/wp\/v2\/users\/1"}],"replies":[{"embeddable":true,"href":"https:\/\/cambriatech.wales\/cy\/wp-json\/wp\/v2\/comments?post=6392"}],"version-history":[{"count":4,"href":"https:\/\/cambriatech.wales\/cy\/wp-json\/wp\/v2\/pages\/6392\/revisions"}],"predecessor-version":[{"id":6554,"href":"https:\/\/cambriatech.wales\/cy\/wp-json\/wp\/v2\/pages\/6392\/revisions\/6554"}],"wp:attachment":[{"href":"https:\/\/cambriatech.wales\/cy\/wp-json\/wp\/v2\/media?parent=6392"}],"curies":[{"name":"wp","href":"https:\/\/api.w.org\/{rel}","templated":true}]}}